{"id":2287,"date":"2025-07-07T15:42:44","date_gmt":"2025-07-07T19:42:44","guid":{"rendered":"https:\/\/maltofridge.stagingsept24.com\/service-apres-vente\/"},"modified":"2025-07-24T11:23:20","modified_gmt":"2025-07-24T15:23:20","slug":"after-sales-service","status":"publish","type":"page","link":"https:\/\/maltofridge.stagingsept24.com\/en\/after-sales-service\/","title":{"rendered":"After-Sales Service"},"content":{"rendered":"\t\t<div data-elementor-type=\"wp-page\" data-elementor-id=\"2287\" class=\"elementor elementor-2287 elementor-1624\" data-elementor-post-type=\"page\">\n\t\t\t\t<div class=\"elementor-element elementor-element-ce8140e e-con-full e-flex e-con e-parent\" data-id=\"ce8140e\" data-element_type=\"container\" data-e-type=\"container\" data-settings=\"{&quot;background_background&quot;:&quot;classic&quot;}\">\n\t\t<div class=\"elementor-element elementor-element-348beda e-con-full e-flex e-con e-child\" data-id=\"348beda\" data-element_type=\"container\" data-e-type=\"container\">\n\t\t\t\t<div class=\"elementor-element elementor-element-040db73 animated-slow elementor-invisible elementor-widget elementor-widget-heading\" data-id=\"040db73\" data-element_type=\"widget\" data-e-type=\"widget\" data-settings=\"{&quot;_animation&quot;:&quot;fadeInDown&quot;,&quot;_animation_delay&quot;:100}\" data-widget_type=\"heading.default\">\n\t\t\t\t<div class=\"elementor-widget-container\">\n\t\t\t\t\t<h1 class=\"elementor-heading-title elementor-size-default\">After-Sales Service<\/h1>\t\t\t\t<\/div>\n\t\t\t\t<\/div>\n\t\t\t\t<\/div>\n\t\t\t\t<\/div>\n\t\t<div class=\"elementor-element elementor-element-a18b65c e-con-full e-flex e-con e-parent\" data-id=\"a18b65c\" data-element_type=\"container\" data-e-type=\"container\" data-settings=\"{&quot;background_background&quot;:&quot;classic&quot;}\">\n\t\t<div class=\"elementor-element elementor-element-ba0d0d7 e-con-full e-flex e-con e-child\" data-id=\"ba0d0d7\" data-element_type=\"container\" data-e-type=\"container\">\n\t\t\t\t<div class=\"elementor-element elementor-element-2cc33e6 animated-slow elementor-widget__width-initial elementor-invisible elementor-widget elementor-widget-image\" data-id=\"2cc33e6\" data-element_type=\"widget\" data-e-type=\"widget\" data-settings=\"{&quot;_animation&quot;:&quot;fadeInDown&quot;,&quot;_animation_delay&quot;:100}\" data-widget_type=\"image.default\">\n\t\t\t\t<div class=\"elementor-widget-container\">\n\t\t\t\t\t\t\t\t\t\t\t\t\t\t\t<img fetchpriority=\"high\" decoding=\"async\" width=\"690\" height=\"548\" src=\"https:\/\/maltofridge.stagingsept24.com\/wp-content\/uploads\/2025\/07\/img_service_apres_vente.webp\" class=\"attachment-full size-full wp-image-2444\" alt=\"Malto - Services apr\u00e8s-vente\" srcset=\"https:\/\/maltofridge.stagingsept24.com\/wp-content\/uploads\/2025\/07\/img_service_apres_vente.webp 690w, https:\/\/maltofridge.stagingsept24.com\/wp-content\/uploads\/2025\/07\/img_service_apres_vente-300x238.webp 300w\" sizes=\"(max-width: 690px) 100vw, 690px\" \/>\t\t\t\t\t\t\t\t\t\t\t\t\t\t\t<\/div>\n\t\t\t\t<\/div>\n\t\t\t\t<\/div>\n\t\t<div class=\"elementor-element elementor-element-5fbdef9 e-con-full e-flex e-con e-child\" data-id=\"5fbdef9\" data-element_type=\"container\" data-e-type=\"container\">\n\t\t\t\t<div class=\"elementor-element elementor-element-55420c4 elementor-widget elementor-widget-heading\" data-id=\"55420c4\" data-element_type=\"widget\" data-e-type=\"widget\" data-widget_type=\"heading.default\">\n\t\t\t\t<div class=\"elementor-widget-container\">\n\t\t\t\t\t<h2 class=\"elementor-heading-title elementor-size-default\">After-Sales Service That Has Your Back<\/h2>\t\t\t\t<\/div>\n\t\t\t\t<\/div>\n\t\t\t\t<div class=\"elementor-element elementor-element-ee55f9c elementor-widget elementor-widget-text-editor\" data-id=\"ee55f9c\" data-element_type=\"widget\" data-e-type=\"widget\" data-widget_type=\"text-editor.default\">\n\t\t\t\t<div class=\"elementor-widget-container\">\n\t\t\t\t\t\t\t\t\t<p>At MALTO, the experience doesn\u2019t stop at delivery. Our experts are on the ground across Quebec to support you. Receive your fridge ready to use.<\/p><p>And if you need a hand afterward, our field team is here for you:<\/p><ul><li>Professional line cleaning<\/li><li>Keg pressure check and adjustment<\/li><li>Technical repairs or adjustments<\/li><li>Maintenance tips and device optimization<\/li><\/ul><h3><br \/>MALTO offers truly human, fast, and reliable after-sales service.<\/h3>\t\t\t\t\t\t\t\t<\/div>\n\t\t\t\t<\/div>\n\t\t\t\t<\/div>\n\t\t\t\t<\/div>\n\t\t<div class=\"elementor-element elementor-element-e644b91 e-con-full e-flex e-con e-parent\" data-id=\"e644b91\" data-element_type=\"container\" data-e-type=\"container\" data-settings=\"{&quot;background_background&quot;:&quot;classic&quot;,&quot;background_motion_fx_motion_fx_scrolling&quot;:&quot;yes&quot;,&quot;background_motion_fx_translateY_effect&quot;:&quot;yes&quot;,&quot;background_motion_fx_translateY_speed&quot;:{&quot;unit&quot;:&quot;px&quot;,&quot;size&quot;:4,&quot;sizes&quot;:[]},&quot;background_motion_fx_translateY_affectedRange&quot;:{&quot;unit&quot;:&quot;%&quot;,&quot;size&quot;:&quot;&quot;,&quot;sizes&quot;:{&quot;start&quot;:0,&quot;end&quot;:100}},&quot;background_motion_fx_devices&quot;:[&quot;desktop&quot;,&quot;laptop&quot;,&quot;tablet_extra&quot;,&quot;tablet&quot;,&quot;mobile&quot;]}\">\n\t\t<div class=\"elementor-element elementor-element-d1d2cd5 e-con-full e-flex e-con e-child\" data-id=\"d1d2cd5\" data-element_type=\"container\" data-e-type=\"container\">\n\t\t\t\t<div class=\"elementor-element elementor-element-37653f2 animated-fast elementor-view-default elementor-position-block-start elementor-mobile-position-block-start elementor-invisible elementor-widget elementor-widget-icon-box\" data-id=\"37653f2\" data-element_type=\"widget\" data-e-type=\"widget\" data-settings=\"{&quot;_animation&quot;:&quot;fadeIn&quot;}\" data-widget_type=\"icon-box.default\">\n\t\t\t\t<div class=\"elementor-widget-container\">\n\t\t\t\t\t\t\t<div class=\"elementor-icon-box-wrapper\">\n\n\t\t\t\t\t\t<div class=\"elementor-icon-box-icon\">\n\t\t\t\t<span  class=\"elementor-icon\">\n\t\t\t\t<svg aria-hidden=\"true\" class=\"e-font-icon-svg e-far-hourglass\" viewBox=\"0 0 384 512\" xmlns=\"http:\/\/www.w3.org\/2000\/svg\"><path d=\"M368 48h4c6.627 0 12-5.373 12-12V12c0-6.627-5.373-12-12-12H12C5.373 0 0 5.373 0 12v24c0 6.627 5.373 12 12 12h4c0 80.564 32.188 165.807 97.18 208C47.899 298.381 16 383.9 16 464h-4c-6.627 0-12 5.373-12 12v24c0 6.627 5.373 12 12 12h360c6.627 0 12-5.373 12-12v-24c0-6.627-5.373-12-12-12h-4c0-80.564-32.188-165.807-97.18-208C336.102 213.619 368 128.1 368 48zM64 48h256c0 101.62-57.307 184-128 184S64 149.621 64 48zm256 416H64c0-101.62 57.308-184 128-184s128 82.38 128 184z\"><\/path><\/svg>\t\t\t\t<\/span>\n\t\t\t<\/div>\n\t\t\t\n\t\t\t\t\t\t<div class=\"elementor-icon-box-content\">\n\n\t\t\t\t\t\t\t\t\t<h3 class=\"elementor-icon-box-title\">\n\t\t\t\t\t\t<span  >\n\t\t\t\t\t\t\tQuick support\t\t\t\t\t\t<\/span>\n\t\t\t\t\t<\/h3>\n\t\t\t\t\n\t\t\t\t\t\t\t\t\t<p class=\"elementor-icon-box-description\">\n\t\t\t\t\t\tOur team is available to diagnose and resolve any issue in record time.\t\t\t\t\t<\/p>\n\t\t\t\t\n\t\t\t<\/div>\n\t\t\t\n\t\t<\/div>\n\t\t\t\t\t\t<\/div>\n\t\t\t\t<\/div>\n\t\t\t\t<\/div>\n\t\t<div class=\"elementor-element elementor-element-510b9ea e-con-full e-flex e-con e-child\" data-id=\"510b9ea\" data-element_type=\"container\" data-e-type=\"container\">\n\t\t\t\t<div class=\"elementor-element elementor-element-2bc9946 elementor-view-default elementor-position-block-start elementor-mobile-position-block-start elementor-invisible elementor-widget elementor-widget-icon-box\" data-id=\"2bc9946\" data-element_type=\"widget\" data-e-type=\"widget\" data-settings=\"{&quot;_animation&quot;:&quot;fadeIn&quot;}\" data-widget_type=\"icon-box.default\">\n\t\t\t\t<div class=\"elementor-widget-container\">\n\t\t\t\t\t\t\t<div class=\"elementor-icon-box-wrapper\">\n\n\t\t\t\t\t\t<div class=\"elementor-icon-box-icon\">\n\t\t\t\t<span  class=\"elementor-icon\">\n\t\t\t\t<svg aria-hidden=\"true\" class=\"e-font-icon-svg e-fas-cog\" viewBox=\"0 0 512 512\" xmlns=\"http:\/\/www.w3.org\/2000\/svg\"><path d=\"M487.4 315.7l-42.6-24.6c4.3-23.2 4.3-47 0-70.2l42.6-24.6c4.9-2.8 7.1-8.6 5.5-14-11.1-35.6-30-67.8-54.7-94.6-3.8-4.1-10-5.1-14.8-2.3L380.8 110c-17.9-15.4-38.5-27.3-60.8-35.1V25.8c0-5.6-3.9-10.5-9.4-11.7-36.7-8.2-74.3-7.8-109.2 0-5.5 1.2-9.4 6.1-9.4 11.7V75c-22.2 7.9-42.8 19.8-60.8 35.1L88.7 85.5c-4.9-2.8-11-1.9-14.8 2.3-24.7 26.7-43.6 58.9-54.7 94.6-1.7 5.4.6 11.2 5.5 14L67.3 221c-4.3 23.2-4.3 47 0 70.2l-42.6 24.6c-4.9 2.8-7.1 8.6-5.5 14 11.1 35.6 30 67.8 54.7 94.6 3.8 4.1 10 5.1 14.8 2.3l42.6-24.6c17.9 15.4 38.5 27.3 60.8 35.1v49.2c0 5.6 3.9 10.5 9.4 11.7 36.7 8.2 74.3 7.8 109.2 0 5.5-1.2 9.4-6.1 9.4-11.7v-49.2c22.2-7.9 42.8-19.8 60.8-35.1l42.6 24.6c4.9 2.8 11 1.9 14.8-2.3 24.7-26.7 43.6-58.9 54.7-94.6 1.5-5.5-.7-11.3-5.6-14.1zM256 336c-44.1 0-80-35.9-80-80s35.9-80 80-80 80 35.9 80 80-35.9 80-80 80z\"><\/path><\/svg>\t\t\t\t<\/span>\n\t\t\t<\/div>\n\t\t\t\n\t\t\t\t\t\t<div class=\"elementor-icon-box-content\">\n\n\t\t\t\t\t\t\t\t\t<h3 class=\"elementor-icon-box-title\">\n\t\t\t\t\t\t<span  >\n\t\t\t\t\t\t\tParts and Service\t\t\t\t\t\t<\/span>\n\t\t\t\t\t<\/h3>\n\t\t\t\t\n\t\t\t\t\t\t\t\t\t<p class=\"elementor-icon-box-description\">\n\t\t\t\t\t\tWe ensure prompt parts delivery and reliable repair services, either on-site or remotely.\t\t\t\t\t<\/p>\n\t\t\t\t\n\t\t\t<\/div>\n\t\t\t\n\t\t<\/div>\n\t\t\t\t\t\t<\/div>\n\t\t\t\t<\/div>\n\t\t\t\t<\/div>\n\t\t<div class=\"elementor-element elementor-element-d3459db e-con-full e-flex e-con e-child\" data-id=\"d3459db\" data-element_type=\"container\" data-e-type=\"container\">\n\t\t\t\t<div class=\"elementor-element elementor-element-5ae34d1 animated-slow elementor-view-default elementor-position-block-start elementor-mobile-position-block-start elementor-invisible elementor-widget elementor-widget-icon-box\" data-id=\"5ae34d1\" data-element_type=\"widget\" data-e-type=\"widget\" data-settings=\"{&quot;_animation&quot;:&quot;fadeIn&quot;}\" data-widget_type=\"icon-box.default\">\n\t\t\t\t<div class=\"elementor-widget-container\">\n\t\t\t\t\t\t\t<div class=\"elementor-icon-box-wrapper\">\n\n\t\t\t\t\t\t<div class=\"elementor-icon-box-icon\">\n\t\t\t\t<span  class=\"elementor-icon\">\n\t\t\t\t<svg aria-hidden=\"true\" class=\"e-font-icon-svg e-fas-shield-alt\" viewBox=\"0 0 512 512\" xmlns=\"http:\/\/www.w3.org\/2000\/svg\"><path d=\"M466.5 83.7l-192-80a48.15 48.15 0 0 0-36.9 0l-192 80C27.7 91.1 16 108.6 16 128c0 198.5 114.5 335.7 221.5 380.3 11.8 4.9 25.1 4.9 36.9 0C360.1 472.6 496 349.3 496 128c0-19.4-11.7-36.9-29.5-44.3zM256.1 446.3l-.1-381 175.9 73.3c-3.3 151.4-82.1 261.1-175.8 307.7z\"><\/path><\/svg>\t\t\t\t<\/span>\n\t\t\t<\/div>\n\t\t\t\n\t\t\t\t\t\t<div class=\"elementor-icon-box-content\">\n\n\t\t\t\t\t\t\t\t\t<h3 class=\"elementor-icon-box-title\">\n\t\t\t\t\t\t<span  >\n\t\t\t\t\t\t\tWarranty &amp; Follow-ups\t\t\t\t\t\t<\/span>\n\t\t\t\t\t<\/h3>\n\t\t\t\t\n\t\t\t\t\t\t\t\t\t<p class=\"elementor-icon-box-description\">\n\t\t\t\t\t\tEvery Malto fridge is backed by a clear warranty and personalized follow-up for each customer.\t\t\t\t\t<\/p>\n\t\t\t\t\n\t\t\t<\/div>\n\t\t\t\n\t\t<\/div>\n\t\t\t\t\t\t<\/div>\n\t\t\t\t<\/div>\n\t\t\t\t<\/div>\n\t\t\t\t<\/div>\n\t\t<div class=\"elementor-element elementor-element-cd400a9 e-flex e-con-boxed e-con e-parent\" data-id=\"cd400a9\" data-element_type=\"container\" data-e-type=\"container\">\n\t\t\t\t\t<div class=\"e-con-inner\">\n\t\t\t\t<div class=\"elementor-element elementor-element-bf9367d sept24__punchline elementor-headline--style-highlight elementor-widget elementor-widget-animated-headline\" data-id=\"bf9367d\" data-element_type=\"widget\" data-e-type=\"widget\" data-settings=\"{&quot;marker&quot;:&quot;underline&quot;,&quot;highlighted_text&quot;:&quot;hosting&quot;,&quot;highlight_animation_duration&quot;:1800,&quot;highlight_iteration_delay&quot;:2000,&quot;headline_style&quot;:&quot;highlight&quot;,&quot;loop&quot;:&quot;yes&quot;}\" data-widget_type=\"animated-headline.default\">\n\t\t\t\t<div class=\"elementor-widget-container\">\n\t\t\t\t\t\t\t<h3 class=\"elementor-headline\">\n\t\t\t\t\t<span class=\"elementor-headline-plain-text elementor-headline-text-wrapper\">Become a master of the art of<\/span>\n\t\t\t\t<span class=\"elementor-headline-dynamic-wrapper elementor-headline-text-wrapper\">\n\t\t\t\t\t<span class=\"elementor-headline-dynamic-text elementor-headline-text-active\">hosting<\/span>\n\t\t\t\t<\/span>\n\t\t\t\t<\/h3>\n\t\t\t\t\t\t<\/div>\n\t\t\t\t<\/div>\n\t\t\t\t\t<\/div>\n\t\t\t\t<\/div>\n\t\t\t\t<\/div>\n\t\t","protected":false},"excerpt":{"rendered":"<p>After-Sales Service After-Sales Service That Has Your Back At MALTO, the experience doesn\u2019t stop at delivery. Our experts are on [&hellip;]<\/p>\n","protected":false},"author":9,"featured_media":0,"parent":0,"menu_order":7,"comment_status":"closed","ping_status":"closed","template":"","meta":{"_acf_changed":false,"site-sidebar-layout":"no-sidebar","site-content-layout":"","ast-site-content-layout":"full-width-container","site-content-style":"default","site-sidebar-style":"default","ast-global-header-display":"","ast-banner-title-visibility":"","ast-main-header-display":"","ast-hfb-above-header-display":"","ast-hfb-below-header-display":"","ast-hfb-mobile-header-display":"","site-post-title":"disabled","ast-breadcrumbs-content":"","ast-featured-img":"disabled","footer-sml-layout":"","theme-transparent-header-meta":"","adv-header-id-meta":"","stick-header-meta":"","header-above-stick-meta":"","header-main-stick-meta":"","header-below-stick-meta":"","astra-migrate-meta-layouts":"default","ast-page-background-enabled":"default","ast-page-background-meta":{"desktop":{"background-color":"var(--ast-global-color-4)","background-image":"","background-repeat":"repeat","background-position":"center center","background-size":"auto","background-attachment":"scroll","background-type":"","background-media":"","overlay-type":"","overlay-color":"","overlay-opacity":"","overlay-gradient":""},"tablet":{"background-color":"","background-image":"","background-repeat":"repeat","background-position":"center center","background-size":"auto","background-attachment":"scroll","background-type":"","background-media":"","overlay-type":"","overlay-color":"","overlay-opacity":"","overlay-gradient":""},"mobile":{"background-color":"","background-image":"","background-repeat":"repeat","background-position":"center center","background-size":"auto","background-attachment":"scroll","background-type":"","background-media":"","overlay-type":"","overlay-color":"","overlay-opacity":"","overlay-gradient":""}},"ast-content-background-meta":{"desktop":{"background-color":"var(--ast-global-color-5)","background-image":"","background-repeat":"repeat","background-position":"center center","background-size":"auto","background-attachment":"scroll","background-type":"","background-media":"","overlay-type":"","overlay-color":"","overlay-opacity":"","overlay-gradient":""},"tablet":{"background-color":"var(--ast-global-color-5)","background-image":"","background-repeat":"repeat","background-position":"center center","background-size":"auto","background-attachment":"scroll","background-type":"","background-media":"","overlay-type":"","overlay-color":"","overlay-opacity":"","overlay-gradient":""},"mobile":{"background-color":"var(--ast-global-color-5)","background-image":"","background-repeat":"repeat","background-position":"center center","background-size":"auto","background-attachment":"scroll","background-type":"","background-media":"","overlay-type":"","overlay-color":"","overlay-opacity":"","overlay-gradient":""}},"footnotes":""},"class_list":["post-2287","page","type-page","status-publish","hentry"],"acf":[],"yoast_head":"<!-- This site is optimized with the Yoast SEO plugin v25.5 - https:\/\/yoast.com\/wordpress\/plugins\/seo\/ -->\n<title>\u00c0 propos de nous - Pourquoi nous choisir - Malto<\/title>\n<meta name=\"description\" content=\"Chez Malto, notre mission est de fournir des solutions de r\u00e9frig\u00e9ration fiables et efficaces. Nous avons le r\u00e9frig\u00e9rateur id\u00e9al pour votre maison, restaurant ou entreprise.\" \/>\n<meta name=\"robots\" content=\"index, follow, max-snippet:-1, max-image-preview:large, max-video-preview:-1\" \/>\n<link rel=\"canonical\" href=\"https:\/\/maltofridge.stagingsept24.com\/en\/after-sales-service\/\" \/>\n<meta property=\"og:locale\" content=\"en_US\" \/>\n<meta property=\"og:type\" content=\"article\" \/>\n<meta property=\"og:title\" content=\"\u00c0 propos de nous - Pourquoi nous choisir - Malto\" \/>\n<meta property=\"og:description\" content=\"Chez Malto, notre mission est de fournir des solutions de r\u00e9frig\u00e9ration fiables et efficaces. Nous avons le r\u00e9frig\u00e9rateur id\u00e9al pour votre maison, restaurant ou entreprise.\" \/>\n<meta property=\"og:url\" content=\"https:\/\/maltofridge.stagingsept24.com\/en\/after-sales-service\/\" \/>\n<meta property=\"og:site_name\" content=\"Malto\" \/>\n<meta property=\"article:publisher\" content=\"https:\/\/www.facebook.com\/profile.php?id=61575277714561\" \/>\n<meta property=\"article:modified_time\" content=\"2025-07-24T15:23:20+00:00\" \/>\n<meta property=\"og:image\" content=\"https:\/\/maltofridge.stagingsept24.com\/wp-content\/uploads\/2025\/07\/img_service_apres_vente.webp\" \/>\n\t<meta property=\"og:image:width\" content=\"690\" \/>\n\t<meta property=\"og:image:height\" content=\"548\" \/>\n\t<meta property=\"og:image:type\" content=\"image\/webp\" \/>\n<meta name=\"twitter:card\" content=\"summary_large_image\" \/>\n<meta name=\"twitter:label1\" content=\"Est. reading time\" \/>\n\t<meta name=\"twitter:data1\" content=\"1 minute\" \/>\n<script type=\"application\/ld+json\" class=\"yoast-schema-graph\">{\"@context\":\"https:\/\/schema.org\",\"@graph\":[{\"@type\":[\"WebPage\",\"AboutPage\"],\"@id\":\"https:\/\/maltofridge.stagingsept24.com\/en\/after-sales-service\/\",\"url\":\"https:\/\/maltofridge.stagingsept24.com\/en\/after-sales-service\/\",\"name\":\"\u00c0 propos de nous - Pourquoi nous choisir - Malto\",\"isPartOf\":{\"@id\":\"https:\/\/maltofridge.stagingsept24.com\/en\/#website\"},\"primaryImageOfPage\":{\"@id\":\"https:\/\/maltofridge.stagingsept24.com\/en\/after-sales-service\/#primaryimage\"},\"image\":{\"@id\":\"https:\/\/maltofridge.stagingsept24.com\/en\/after-sales-service\/#primaryimage\"},\"thumbnailUrl\":\"https:\/\/maltofridge.stagingsept24.com\/wp-content\/uploads\/2025\/07\/img_service_apres_vente.webp\",\"datePublished\":\"2025-07-07T19:42:44+00:00\",\"dateModified\":\"2025-07-24T15:23:20+00:00\",\"description\":\"Chez Malto, notre mission est de fournir des solutions de r\u00e9frig\u00e9ration fiables et efficaces. Nous avons le r\u00e9frig\u00e9rateur id\u00e9al pour votre maison, restaurant ou entreprise.\",\"breadcrumb\":{\"@id\":\"https:\/\/maltofridge.stagingsept24.com\/en\/after-sales-service\/#breadcrumb\"},\"inLanguage\":\"en-US\",\"potentialAction\":[{\"@type\":\"ReadAction\",\"target\":[\"https:\/\/maltofridge.stagingsept24.com\/en\/after-sales-service\/\"]}]},{\"@type\":\"ImageObject\",\"inLanguage\":\"en-US\",\"@id\":\"https:\/\/maltofridge.stagingsept24.com\/en\/after-sales-service\/#primaryimage\",\"url\":\"https:\/\/maltofridge.stagingsept24.com\/wp-content\/uploads\/2025\/07\/img_service_apres_vente.webp\",\"contentUrl\":\"https:\/\/maltofridge.stagingsept24.com\/wp-content\/uploads\/2025\/07\/img_service_apres_vente.webp\"},{\"@type\":\"BreadcrumbList\",\"@id\":\"https:\/\/maltofridge.stagingsept24.com\/en\/after-sales-service\/#breadcrumb\",\"itemListElement\":[{\"@type\":\"ListItem\",\"position\":1,\"name\":\"Accueil\",\"item\":\"https:\/\/maltofridge.stagingsept24.com\/en\/homepage\/\"},{\"@type\":\"ListItem\",\"position\":2,\"name\":\"After-Sales Service\"}]},{\"@type\":\"WebSite\",\"@id\":\"https:\/\/maltofridge.stagingsept24.com\/en\/#website\",\"url\":\"https:\/\/maltofridge.stagingsept24.com\/en\/\",\"name\":\"Malto\",\"description\":\"\",\"publisher\":{\"@id\":\"https:\/\/maltofridge.stagingsept24.com\/en\/#organization\"},\"potentialAction\":[{\"@type\":\"SearchAction\",\"target\":{\"@type\":\"EntryPoint\",\"urlTemplate\":\"https:\/\/maltofridge.stagingsept24.com\/en\/?s={search_term_string}\"},\"query-input\":{\"@type\":\"PropertyValueSpecification\",\"valueRequired\":true,\"valueName\":\"search_term_string\"}}],\"inLanguage\":\"en-US\"},{\"@type\":\"Organization\",\"@id\":\"https:\/\/maltofridge.stagingsept24.com\/en\/#organization\",\"name\":\"Malto\",\"url\":\"https:\/\/maltofridge.stagingsept24.com\/en\/\",\"logo\":{\"@type\":\"ImageObject\",\"inLanguage\":\"en-US\",\"@id\":\"https:\/\/maltofridge.stagingsept24.com\/en\/#\/schema\/logo\/image\/\",\"url\":\"https:\/\/maltofridge.stagingsept24.com\/wp-content\/uploads\/2024\/03\/logo-malto-header.svg\",\"contentUrl\":\"https:\/\/maltofridge.stagingsept24.com\/wp-content\/uploads\/2024\/03\/logo-malto-header.svg\",\"width\":156,\"height\":47,\"caption\":\"Malto\"},\"image\":{\"@id\":\"https:\/\/maltofridge.stagingsept24.com\/en\/#\/schema\/logo\/image\/\"},\"sameAs\":[\"https:\/\/www.facebook.com\/profile.php?id=61575277714561\",\"https:\/\/ca.pinterest.com\/maltofhometaps\/\"]}]}<\/script>\n<!-- \/ Yoast SEO plugin. -->","yoast_head_json":{"title":"\u00c0 propos de nous - Pourquoi nous choisir - Malto","description":"Chez Malto, notre mission est de fournir des solutions de r\u00e9frig\u00e9ration fiables et efficaces. Nous avons le r\u00e9frig\u00e9rateur id\u00e9al pour votre maison, restaurant ou entreprise.","robots":{"index":"index","follow":"follow","max-snippet":"max-snippet:-1","max-image-preview":"max-image-preview:large","max-video-preview":"max-video-preview:-1"},"canonical":"https:\/\/maltofridge.stagingsept24.com\/en\/after-sales-service\/","og_locale":"en_US","og_type":"article","og_title":"\u00c0 propos de nous - Pourquoi nous choisir - Malto","og_description":"Chez Malto, notre mission est de fournir des solutions de r\u00e9frig\u00e9ration fiables et efficaces. Nous avons le r\u00e9frig\u00e9rateur id\u00e9al pour votre maison, restaurant ou entreprise.","og_url":"https:\/\/maltofridge.stagingsept24.com\/en\/after-sales-service\/","og_site_name":"Malto","article_publisher":"https:\/\/www.facebook.com\/profile.php?id=61575277714561","article_modified_time":"2025-07-24T15:23:20+00:00","og_image":[{"width":690,"height":548,"url":"https:\/\/maltofridge.stagingsept24.com\/wp-content\/uploads\/2025\/07\/img_service_apres_vente.webp","type":"image\/webp"}],"twitter_card":"summary_large_image","twitter_misc":{"Est. reading time":"1 minute"},"schema":{"@context":"https:\/\/schema.org","@graph":[{"@type":["WebPage","AboutPage"],"@id":"https:\/\/maltofridge.stagingsept24.com\/en\/after-sales-service\/","url":"https:\/\/maltofridge.stagingsept24.com\/en\/after-sales-service\/","name":"\u00c0 propos de nous - Pourquoi nous choisir - Malto","isPartOf":{"@id":"https:\/\/maltofridge.stagingsept24.com\/en\/#website"},"primaryImageOfPage":{"@id":"https:\/\/maltofridge.stagingsept24.com\/en\/after-sales-service\/#primaryimage"},"image":{"@id":"https:\/\/maltofridge.stagingsept24.com\/en\/after-sales-service\/#primaryimage"},"thumbnailUrl":"https:\/\/maltofridge.stagingsept24.com\/wp-content\/uploads\/2025\/07\/img_service_apres_vente.webp","datePublished":"2025-07-07T19:42:44+00:00","dateModified":"2025-07-24T15:23:20+00:00","description":"Chez Malto, notre mission est de fournir des solutions de r\u00e9frig\u00e9ration fiables et efficaces. Nous avons le r\u00e9frig\u00e9rateur id\u00e9al pour votre maison, restaurant ou entreprise.","breadcrumb":{"@id":"https:\/\/maltofridge.stagingsept24.com\/en\/after-sales-service\/#breadcrumb"},"inLanguage":"en-US","potentialAction":[{"@type":"ReadAction","target":["https:\/\/maltofridge.stagingsept24.com\/en\/after-sales-service\/"]}]},{"@type":"ImageObject","inLanguage":"en-US","@id":"https:\/\/maltofridge.stagingsept24.com\/en\/after-sales-service\/#primaryimage","url":"https:\/\/maltofridge.stagingsept24.com\/wp-content\/uploads\/2025\/07\/img_service_apres_vente.webp","contentUrl":"https:\/\/maltofridge.stagingsept24.com\/wp-content\/uploads\/2025\/07\/img_service_apres_vente.webp"},{"@type":"BreadcrumbList","@id":"https:\/\/maltofridge.stagingsept24.com\/en\/after-sales-service\/#breadcrumb","itemListElement":[{"@type":"ListItem","position":1,"name":"Accueil","item":"https:\/\/maltofridge.stagingsept24.com\/en\/homepage\/"},{"@type":"ListItem","position":2,"name":"After-Sales Service"}]},{"@type":"WebSite","@id":"https:\/\/maltofridge.stagingsept24.com\/en\/#website","url":"https:\/\/maltofridge.stagingsept24.com\/en\/","name":"Malto","description":"","publisher":{"@id":"https:\/\/maltofridge.stagingsept24.com\/en\/#organization"},"potentialAction":[{"@type":"SearchAction","target":{"@type":"EntryPoint","urlTemplate":"https:\/\/maltofridge.stagingsept24.com\/en\/?s={search_term_string}"},"query-input":{"@type":"PropertyValueSpecification","valueRequired":true,"valueName":"search_term_string"}}],"inLanguage":"en-US"},{"@type":"Organization","@id":"https:\/\/maltofridge.stagingsept24.com\/en\/#organization","name":"Malto","url":"https:\/\/maltofridge.stagingsept24.com\/en\/","logo":{"@type":"ImageObject","inLanguage":"en-US","@id":"https:\/\/maltofridge.stagingsept24.com\/en\/#\/schema\/logo\/image\/","url":"https:\/\/maltofridge.stagingsept24.com\/wp-content\/uploads\/2024\/03\/logo-malto-header.svg","contentUrl":"https:\/\/maltofridge.stagingsept24.com\/wp-content\/uploads\/2024\/03\/logo-malto-header.svg","width":156,"height":47,"caption":"Malto"},"image":{"@id":"https:\/\/maltofridge.stagingsept24.com\/en\/#\/schema\/logo\/image\/"},"sameAs":["https:\/\/www.facebook.com\/profile.php?id=61575277714561","https:\/\/ca.pinterest.com\/maltofhometaps\/"]}]}},"_links":{"self":[{"href":"https:\/\/maltofridge.stagingsept24.com\/en\/wp-json\/wp\/v2\/pages\/2287","targetHints":{"allow":["GET"]}}],"collection":[{"href":"https:\/\/maltofridge.stagingsept24.com\/en\/wp-json\/wp\/v2\/pages"}],"about":[{"href":"https:\/\/maltofridge.stagingsept24.com\/en\/wp-json\/wp\/v2\/types\/page"}],"author":[{"embeddable":true,"href":"https:\/\/maltofridge.stagingsept24.com\/en\/wp-json\/wp\/v2\/users\/9"}],"replies":[{"embeddable":true,"href":"https:\/\/maltofridge.stagingsept24.com\/en\/wp-json\/wp\/v2\/comments?post=2287"}],"version-history":[{"count":28,"href":"https:\/\/maltofridge.stagingsept24.com\/en\/wp-json\/wp\/v2\/pages\/2287\/revisions"}],"predecessor-version":[{"id":2450,"href":"https:\/\/maltofridge.stagingsept24.com\/en\/wp-json\/wp\/v2\/pages\/2287\/revisions\/2450"}],"wp:attachment":[{"href":"https:\/\/maltofridge.stagingsept24.com\/en\/wp-json\/wp\/v2\/media?parent=2287"}],"curies":[{"name":"wp","href":"https:\/\/api.w.org\/{rel}","templated":true}]}}