{"id":1879,"date":"2025-07-08T11:32:58","date_gmt":"2025-07-08T15:32:58","guid":{"rendered":"https:\/\/maltofridge.stagingsept24.com\/about-us\/temoignages-clients\/"},"modified":"2025-07-24T10:27:22","modified_gmt":"2025-07-24T14:27:22","slug":"customer-testimonials","status":"publish","type":"page","link":"https:\/\/maltofridge.stagingsept24.com\/en\/about-us\/customer-testimonials\/","title":{"rendered":"Customer testimonials"},"content":{"rendered":"\t\t<div data-elementor-type=\"wp-page\" data-elementor-id=\"1879\" class=\"elementor elementor-1879 elementor-1805\" data-elementor-post-type=\"page\">\n\t\t\t\t<div class=\"elementor-element elementor-element-ce8140e e-con-full e-flex e-con e-parent\" data-id=\"ce8140e\" data-element_type=\"container\" data-e-type=\"container\" data-settings=\"{&quot;background_background&quot;:&quot;classic&quot;}\">\n\t\t<div class=\"elementor-element elementor-element-348beda e-con-full e-flex e-con e-child\" data-id=\"348beda\" data-element_type=\"container\" data-e-type=\"container\">\n\t\t\t\t<div class=\"elementor-element elementor-element-040db73 animated-slow elementor-invisible elementor-widget elementor-widget-heading\" data-id=\"040db73\" data-element_type=\"widget\" data-e-type=\"widget\" data-settings=\"{&quot;_animation&quot;:&quot;fadeInDown&quot;,&quot;_animation_delay&quot;:100}\" data-widget_type=\"heading.default\">\n\t\t\t\t<div class=\"elementor-widget-container\">\n\t\t\t\t\t<h1 class=\"elementor-heading-title elementor-size-default\">Customer testimonials<\/h1>\t\t\t\t<\/div>\n\t\t\t\t<\/div>\n\t\t\t\t<\/div>\n\t\t\t\t<\/div>\n\t\t<div class=\"elementor-element elementor-element-2834113 e-con-full e-flex elementor-invisible e-con e-parent\" data-id=\"2834113\" data-element_type=\"container\" data-e-type=\"container\" data-settings=\"{&quot;background_background&quot;:&quot;classic&quot;,&quot;animation&quot;:&quot;fadeIn&quot;}\">\n\t\t<div class=\"elementor-element elementor-element-9b9887e e-con-full e-flex e-con e-child\" data-id=\"9b9887e\" data-element_type=\"container\" data-e-type=\"container\">\n\t\t\t\t<div class=\"elementor-element elementor-element-627fc3b elementor-widget elementor-widget-heading\" data-id=\"627fc3b\" data-element_type=\"widget\" data-e-type=\"widget\" data-widget_type=\"heading.default\">\n\t\t\t\t<div class=\"elementor-widget-container\">\n\t\t\t\t\t<h2 class=\"elementor-heading-title elementor-size-default\">What our clients say about us<\/h2>\t\t\t\t<\/div>\n\t\t\t\t<\/div>\n\t\t\t\t<div class=\"elementor-element elementor-element-ff84a8c elementor-testimonial--skin-default elementor-testimonial--layout-image_inline elementor-testimonial--align-center elementor-arrows-yes elementor-pagination-type-bullets elementor-widget elementor-widget-testimonial-carousel\" data-id=\"ff84a8c\" data-element_type=\"widget\" data-e-type=\"widget\" data-settings=\"{&quot;show_arrows&quot;:&quot;yes&quot;,&quot;pagination&quot;:&quot;bullets&quot;,&quot;speed&quot;:500,&quot;autoplay&quot;:&quot;yes&quot;,&quot;autoplay_speed&quot;:5000,&quot;loop&quot;:&quot;yes&quot;,&quot;pause_on_hover&quot;:&quot;yes&quot;,&quot;pause_on_interaction&quot;:&quot;yes&quot;,&quot;space_between&quot;:{&quot;unit&quot;:&quot;px&quot;,&quot;size&quot;:10,&quot;sizes&quot;:[]},&quot;space_between_laptop&quot;:{&quot;unit&quot;:&quot;px&quot;,&quot;size&quot;:10,&quot;sizes&quot;:[]},&quot;space_between_tablet_extra&quot;:{&quot;unit&quot;:&quot;px&quot;,&quot;size&quot;:10,&quot;sizes&quot;:[]},&quot;space_between_tablet&quot;:{&quot;unit&quot;:&quot;px&quot;,&quot;size&quot;:10,&quot;sizes&quot;:[]},&quot;space_between_mobile&quot;:{&quot;unit&quot;:&quot;px&quot;,&quot;size&quot;:10,&quot;sizes&quot;:[]}}\" data-widget_type=\"testimonial-carousel.default\">\n\t\t\t\t<div class=\"elementor-widget-container\">\n\t\t\t\t\t\t\t\t\t<div class=\"elementor-swiper\">\n\t\t\t\t\t<div class=\"elementor-main-swiper swiper\" role=\"region\" aria-roledescription=\"carousel\" aria-label=\"Diapositives\">\n\t\t\t\t<div class=\"swiper-wrapper\">\n\t\t\t\t\t\t\t\t\t\t\t<div class=\"swiper-slide\" role=\"group\" aria-roledescription=\"slide\">\n\t\t\t\t\t\t\t\t\t<div class=\"elementor-testimonial\">\n\t\t\t\t\t\t\t<div class=\"elementor-testimonial__content\">\n\t\t\t\t\t<div class=\"elementor-testimonial__text\">\n\t\t\t\t\t\t<strong>The Malto beer fridge truly made all the difference at our wedding !<\/strong> <br>\nWe never ran out of beer and the guests were thrilled. <br>\nEasy to use, convenient \u2014 it really added to the vibe of the evening. <br> <br>\nHonestly, I recommend it to anyone who wants a successful party!\t\t\t\t\t<\/div>\n\t\t\t\t\t\t\t\t\t<\/div>\n\t\t\t\t\t\t<div class=\"elementor-testimonial__footer\">\n\t\t\t\t\t\t\t\t\t<div class=\"elementor-testimonial__image\">\n\t\t\t\t\t\t<img decoding=\"async\" src=\"https:\/\/maltofridge.stagingsept24.com\/wp-content\/uploads\/2025\/07\/noun-businesswoman-1902108.svg\" alt=\"Isabelle C\">\n\t\t\t\t\t\t\t\t\t\t\t<\/div>\n\t\t\t\t\t\t\t\t<cite class=\"elementor-testimonial__cite\"><span class=\"elementor-testimonial__name\">Isabelle C<\/span><\/cite>\t\t\t<\/div>\n\t\t<\/div>\n\t\t\t\t\t\t\t\t<\/div>\n\t\t\t\t\t\t\t\t\t\t\t<div class=\"swiper-slide\" role=\"group\" aria-roledescription=\"slide\">\n\t\t\t\t\t\t\t\t\t<div class=\"elementor-testimonial\">\n\t\t\t\t\t\t\t<div class=\"elementor-testimonial__content\">\n\t\t\t\t\t<div class=\"elementor-testimonial__text\">\n\t\t\t\t\t\t<strong>Beyond our expectations!<\/strong> <br>\nTurnkey and easy to use. <br> <br>\nThank you, Malto!\t\t\t\t\t<\/div>\n\t\t\t\t\t\t\t\t\t<\/div>\n\t\t\t\t\t\t<div class=\"elementor-testimonial__footer\">\n\t\t\t\t\t\t\t\t\t<div class=\"elementor-testimonial__image\">\n\t\t\t\t\t\t<img decoding=\"async\" src=\"https:\/\/maltofridge.stagingsept24.com\/wp-content\/uploads\/2025\/07\/noun-businesswoman-1902108.svg\" alt=\"Genevi\u00e8ve, H\u00e9ritage Saint-Bernard\">\n\t\t\t\t\t\t\t\t\t\t\t<\/div>\n\t\t\t\t\t\t\t\t<cite class=\"elementor-testimonial__cite\"><span class=\"elementor-testimonial__name\">Genevi\u00e8ve, H\u00e9ritage Saint-Bernard<\/span><span class=\"elementor-testimonial__title\">Ch\u00e2teauguay<\/span><\/cite>\t\t\t<\/div>\n\t\t<\/div>\n\t\t\t\t\t\t\t\t<\/div>\n\t\t\t\t\t\t\t\t\t<\/div>\n\t\t\t\t\t\t\t\t\t\t\t\t\t\t\t<div class=\"elementor-swiper-button elementor-swiper-button-prev\" role=\"button\" tabindex=\"0\" aria-label=\"Previous\">\n\t\t\t\t\t\t\t<svg aria-hidden=\"true\" class=\"e-font-icon-svg e-eicon-chevron-left\" viewBox=\"0 0 1000 1000\" xmlns=\"http:\/\/www.w3.org\/2000\/svg\"><path d=\"M646 125C629 125 613 133 604 142L308 442C296 454 292 471 292 487 292 504 296 521 308 533L604 854C617 867 629 875 646 875 663 875 679 871 692 858 704 846 713 829 713 812 713 796 708 779 692 767L438 487 692 225C700 217 708 204 708 187 708 171 704 154 692 142 675 129 663 125 646 125Z\"><\/path><\/svg>\t\t\t\t\t\t<\/div>\n\t\t\t\t\t\t<div class=\"elementor-swiper-button elementor-swiper-button-next\" role=\"button\" tabindex=\"0\" aria-label=\"Next\">\n\t\t\t\t\t\t\t<svg aria-hidden=\"true\" class=\"e-font-icon-svg e-eicon-chevron-right\" viewBox=\"0 0 1000 1000\" xmlns=\"http:\/\/www.w3.org\/2000\/svg\"><path d=\"M696 533C708 521 713 504 713 487 713 471 708 454 696 446L400 146C388 133 375 125 354 125 338 125 325 129 313 142 300 154 292 171 292 187 292 204 296 221 308 233L563 492 304 771C292 783 288 800 288 817 288 833 296 850 308 863 321 871 338 875 354 875 371 875 388 867 400 854L696 533Z\"><\/path><\/svg>\t\t\t\t\t\t<\/div>\n\t\t\t\t\t\t\t\t\t\t\t\t\t\t\t\t<div class=\"swiper-pagination\"><\/div>\n\t\t\t\t\t\t\t\t\t\t\t\t<\/div>\n\t\t\t\t<\/div>\n\t\t\t\t\t\t\t\t<\/div>\n\t\t\t\t<\/div>\n\t\t\t\t<\/div>\n\t\t\t\t<\/div>\n\t\t\t\t<\/div>\n\t\t","protected":false},"excerpt":{"rendered":"<p>Customer testimonials What our clients say about us The Malto beer fridge truly made all the difference at our wedding [&hellip;]<\/p>\n","protected":false},"author":9,"featured_media":0,"parent":1022,"menu_order":14,"comment_status":"closed","ping_status":"closed","template":"","meta":{"_acf_changed":false,"site-sidebar-layout":"no-sidebar","site-content-layout":"","ast-site-content-layout":"full-width-container","site-content-style":"default","site-sidebar-style":"default","ast-global-header-display":"","ast-banner-title-visibility":"","ast-main-header-display":"","ast-hfb-above-header-display":"","ast-hfb-below-header-display":"","ast-hfb-mobile-header-display":"","site-post-title":"disabled","ast-breadcrumbs-content":"","ast-featured-img":"disabled","footer-sml-layout":"","theme-transparent-header-meta":"","adv-header-id-meta":"","stick-header-meta":"","header-above-stick-meta":"","header-main-stick-meta":"","header-below-stick-meta":"","astra-migrate-meta-layouts":"default","ast-page-background-enabled":"default","ast-page-background-meta":{"desktop":{"background-color":"var(--ast-global-color-4)","background-image":"","background-repeat":"repeat","background-position":"center center","background-size":"auto","background-attachment":"scroll","background-type":"","background-media":"","overlay-type":"","overlay-color":"","overlay-opacity":"","overlay-gradient":""},"tablet":{"background-color":"","background-image":"","background-repeat":"repeat","background-position":"center center","background-size":"auto","background-attachment":"scroll","background-type":"","background-media":"","overlay-type":"","overlay-color":"","overlay-opacity":"","overlay-gradient":""},"mobile":{"background-color":"","background-image":"","background-repeat":"repeat","background-position":"center center","background-size":"auto","background-attachment":"scroll","background-type":"","background-media":"","overlay-type":"","overlay-color":"","overlay-opacity":"","overlay-gradient":""}},"ast-content-background-meta":{"desktop":{"background-color":"var(--ast-global-color-5)","background-image":"","background-repeat":"repeat","background-position":"center center","background-size":"auto","background-attachment":"scroll","background-type":"","background-media":"","overlay-type":"","overlay-color":"","overlay-opacity":"","overlay-gradient":""},"tablet":{"background-color":"var(--ast-global-color-5)","background-image":"","background-repeat":"repeat","background-position":"center center","background-size":"auto","background-attachment":"scroll","background-type":"","background-media":"","overlay-type":"","overlay-color":"","overlay-opacity":"","overlay-gradient":""},"mobile":{"background-color":"var(--ast-global-color-5)","background-image":"","background-repeat":"repeat","background-position":"center center","background-size":"auto","background-attachment":"scroll","background-type":"","background-media":"","overlay-type":"","overlay-color":"","overlay-opacity":"","overlay-gradient":""}},"footnotes":""},"class_list":["post-1879","page","type-page","status-publish","hentry"],"acf":[],"yoast_head":"<!-- This site is optimized with the Yoast SEO plugin v25.5 - https:\/\/yoast.com\/wordpress\/plugins\/seo\/ -->\n<title>\u00c0 propos de nous - Pourquoi nous choisir - Malto<\/title>\n<meta name=\"description\" content=\"Chez Malto, notre mission est de fournir des solutions de r\u00e9frig\u00e9ration fiables et efficaces. Nous avons le r\u00e9frig\u00e9rateur id\u00e9al pour votre maison, restaurant ou entreprise.\" \/>\n<meta name=\"robots\" content=\"index, follow, max-snippet:-1, max-image-preview:large, max-video-preview:-1\" \/>\n<link rel=\"canonical\" href=\"https:\/\/maltofridge.stagingsept24.com\/en\/about-us\/customer-testimonials\/\" \/>\n<meta property=\"og:locale\" content=\"en_US\" \/>\n<meta property=\"og:type\" content=\"article\" \/>\n<meta property=\"og:title\" content=\"\u00c0 propos de nous - Pourquoi nous choisir - Malto\" \/>\n<meta property=\"og:description\" content=\"Chez Malto, notre mission est de fournir des solutions de r\u00e9frig\u00e9ration fiables et efficaces. Nous avons le r\u00e9frig\u00e9rateur id\u00e9al pour votre maison, restaurant ou entreprise.\" \/>\n<meta property=\"og:url\" content=\"https:\/\/maltofridge.stagingsept24.com\/en\/about-us\/customer-testimonials\/\" \/>\n<meta property=\"og:site_name\" content=\"Malto\" \/>\n<meta property=\"article:publisher\" content=\"https:\/\/www.facebook.com\/profile.php?id=61575277714561\" \/>\n<meta property=\"article:modified_time\" content=\"2025-07-24T14:27:22+00:00\" \/>\n<meta property=\"og:image\" content=\"https:\/\/maltofridge.stagingsept24.com\/wp-content\/uploads\/2025\/07\/noun-businesswoman-1902108.svg\" \/>\n<meta name=\"twitter:card\" content=\"summary_large_image\" \/>\n<meta name=\"twitter:label1\" content=\"Est. reading time\" \/>\n\t<meta name=\"twitter:data1\" content=\"2 minutes\" \/>\n<script type=\"application\/ld+json\" class=\"yoast-schema-graph\">{\"@context\":\"https:\/\/schema.org\",\"@graph\":[{\"@type\":[\"WebPage\",\"AboutPage\"],\"@id\":\"https:\/\/maltofridge.stagingsept24.com\/en\/about-us\/customer-testimonials\/\",\"url\":\"https:\/\/maltofridge.stagingsept24.com\/en\/about-us\/customer-testimonials\/\",\"name\":\"\u00c0 propos de nous - Pourquoi nous choisir - Malto\",\"isPartOf\":{\"@id\":\"https:\/\/maltofridge.stagingsept24.com\/en\/#website\"},\"primaryImageOfPage\":{\"@id\":\"https:\/\/maltofridge.stagingsept24.com\/en\/about-us\/customer-testimonials\/#primaryimage\"},\"image\":{\"@id\":\"https:\/\/maltofridge.stagingsept24.com\/en\/about-us\/customer-testimonials\/#primaryimage\"},\"thumbnailUrl\":\"https:\/\/maltofridge.stagingsept24.com\/wp-content\/uploads\/2025\/07\/noun-businesswoman-1902108.svg\",\"datePublished\":\"2025-07-08T15:32:58+00:00\",\"dateModified\":\"2025-07-24T14:27:22+00:00\",\"description\":\"Chez Malto, notre mission est de fournir des solutions de r\u00e9frig\u00e9ration fiables et efficaces. Nous avons le r\u00e9frig\u00e9rateur id\u00e9al pour votre maison, restaurant ou entreprise.\",\"breadcrumb\":{\"@id\":\"https:\/\/maltofridge.stagingsept24.com\/en\/about-us\/customer-testimonials\/#breadcrumb\"},\"inLanguage\":\"en-US\",\"potentialAction\":[{\"@type\":\"ReadAction\",\"target\":[\"https:\/\/maltofridge.stagingsept24.com\/en\/about-us\/customer-testimonials\/\"]}]},{\"@type\":\"ImageObject\",\"inLanguage\":\"en-US\",\"@id\":\"https:\/\/maltofridge.stagingsept24.com\/en\/about-us\/customer-testimonials\/#primaryimage\",\"url\":\"https:\/\/maltofridge.stagingsept24.com\/wp-content\/uploads\/2025\/07\/noun-businesswoman-1902108.svg\",\"contentUrl\":\"https:\/\/maltofridge.stagingsept24.com\/wp-content\/uploads\/2025\/07\/noun-businesswoman-1902108.svg\"},{\"@type\":\"BreadcrumbList\",\"@id\":\"https:\/\/maltofridge.stagingsept24.com\/en\/about-us\/customer-testimonials\/#breadcrumb\",\"itemListElement\":[{\"@type\":\"ListItem\",\"position\":1,\"name\":\"Accueil\",\"item\":\"https:\/\/maltofridge.stagingsept24.com\/en\/homepage\/\"},{\"@type\":\"ListItem\",\"position\":2,\"name\":\"About us\",\"item\":\"https:\/\/maltofridge.stagingsept24.com\/en\/about-us\/\"},{\"@type\":\"ListItem\",\"position\":3,\"name\":\"Customer testimonials\"}]},{\"@type\":\"WebSite\",\"@id\":\"https:\/\/maltofridge.stagingsept24.com\/en\/#website\",\"url\":\"https:\/\/maltofridge.stagingsept24.com\/en\/\",\"name\":\"Malto\",\"description\":\"\",\"publisher\":{\"@id\":\"https:\/\/maltofridge.stagingsept24.com\/en\/#organization\"},\"potentialAction\":[{\"@type\":\"SearchAction\",\"target\":{\"@type\":\"EntryPoint\",\"urlTemplate\":\"https:\/\/maltofridge.stagingsept24.com\/en\/?s={search_term_string}\"},\"query-input\":{\"@type\":\"PropertyValueSpecification\",\"valueRequired\":true,\"valueName\":\"search_term_string\"}}],\"inLanguage\":\"en-US\"},{\"@type\":\"Organization\",\"@id\":\"https:\/\/maltofridge.stagingsept24.com\/en\/#organization\",\"name\":\"Malto\",\"url\":\"https:\/\/maltofridge.stagingsept24.com\/en\/\",\"logo\":{\"@type\":\"ImageObject\",\"inLanguage\":\"en-US\",\"@id\":\"https:\/\/maltofridge.stagingsept24.com\/en\/#\/schema\/logo\/image\/\",\"url\":\"https:\/\/maltofridge.stagingsept24.com\/wp-content\/uploads\/2024\/03\/logo-malto-header.svg\",\"contentUrl\":\"https:\/\/maltofridge.stagingsept24.com\/wp-content\/uploads\/2024\/03\/logo-malto-header.svg\",\"width\":156,\"height\":47,\"caption\":\"Malto\"},\"image\":{\"@id\":\"https:\/\/maltofridge.stagingsept24.com\/en\/#\/schema\/logo\/image\/\"},\"sameAs\":[\"https:\/\/www.facebook.com\/profile.php?id=61575277714561\",\"https:\/\/ca.pinterest.com\/maltofhometaps\/\"]}]}<\/script>\n<!-- \/ Yoast SEO plugin. -->","yoast_head_json":{"title":"\u00c0 propos de nous - Pourquoi nous choisir - Malto","description":"Chez Malto, notre mission est de fournir des solutions de r\u00e9frig\u00e9ration fiables et efficaces. Nous avons le r\u00e9frig\u00e9rateur id\u00e9al pour votre maison, restaurant ou entreprise.","robots":{"index":"index","follow":"follow","max-snippet":"max-snippet:-1","max-image-preview":"max-image-preview:large","max-video-preview":"max-video-preview:-1"},"canonical":"https:\/\/maltofridge.stagingsept24.com\/en\/about-us\/customer-testimonials\/","og_locale":"en_US","og_type":"article","og_title":"\u00c0 propos de nous - Pourquoi nous choisir - Malto","og_description":"Chez Malto, notre mission est de fournir des solutions de r\u00e9frig\u00e9ration fiables et efficaces. Nous avons le r\u00e9frig\u00e9rateur id\u00e9al pour votre maison, restaurant ou entreprise.","og_url":"https:\/\/maltofridge.stagingsept24.com\/en\/about-us\/customer-testimonials\/","og_site_name":"Malto","article_publisher":"https:\/\/www.facebook.com\/profile.php?id=61575277714561","article_modified_time":"2025-07-24T14:27:22+00:00","og_image":[{"url":"https:\/\/maltofridge.stagingsept24.com\/wp-content\/uploads\/2025\/07\/noun-businesswoman-1902108.svg","type":"","width":"","height":""}],"twitter_card":"summary_large_image","twitter_misc":{"Est. reading time":"2 minutes"},"schema":{"@context":"https:\/\/schema.org","@graph":[{"@type":["WebPage","AboutPage"],"@id":"https:\/\/maltofridge.stagingsept24.com\/en\/about-us\/customer-testimonials\/","url":"https:\/\/maltofridge.stagingsept24.com\/en\/about-us\/customer-testimonials\/","name":"\u00c0 propos de nous - Pourquoi nous choisir - Malto","isPartOf":{"@id":"https:\/\/maltofridge.stagingsept24.com\/en\/#website"},"primaryImageOfPage":{"@id":"https:\/\/maltofridge.stagingsept24.com\/en\/about-us\/customer-testimonials\/#primaryimage"},"image":{"@id":"https:\/\/maltofridge.stagingsept24.com\/en\/about-us\/customer-testimonials\/#primaryimage"},"thumbnailUrl":"https:\/\/maltofridge.stagingsept24.com\/wp-content\/uploads\/2025\/07\/noun-businesswoman-1902108.svg","datePublished":"2025-07-08T15:32:58+00:00","dateModified":"2025-07-24T14:27:22+00:00","description":"Chez Malto, notre mission est de fournir des solutions de r\u00e9frig\u00e9ration fiables et efficaces. Nous avons le r\u00e9frig\u00e9rateur id\u00e9al pour votre maison, restaurant ou entreprise.","breadcrumb":{"@id":"https:\/\/maltofridge.stagingsept24.com\/en\/about-us\/customer-testimonials\/#breadcrumb"},"inLanguage":"en-US","potentialAction":[{"@type":"ReadAction","target":["https:\/\/maltofridge.stagingsept24.com\/en\/about-us\/customer-testimonials\/"]}]},{"@type":"ImageObject","inLanguage":"en-US","@id":"https:\/\/maltofridge.stagingsept24.com\/en\/about-us\/customer-testimonials\/#primaryimage","url":"https:\/\/maltofridge.stagingsept24.com\/wp-content\/uploads\/2025\/07\/noun-businesswoman-1902108.svg","contentUrl":"https:\/\/maltofridge.stagingsept24.com\/wp-content\/uploads\/2025\/07\/noun-businesswoman-1902108.svg"},{"@type":"BreadcrumbList","@id":"https:\/\/maltofridge.stagingsept24.com\/en\/about-us\/customer-testimonials\/#breadcrumb","itemListElement":[{"@type":"ListItem","position":1,"name":"Accueil","item":"https:\/\/maltofridge.stagingsept24.com\/en\/homepage\/"},{"@type":"ListItem","position":2,"name":"About us","item":"https:\/\/maltofridge.stagingsept24.com\/en\/about-us\/"},{"@type":"ListItem","position":3,"name":"Customer testimonials"}]},{"@type":"WebSite","@id":"https:\/\/maltofridge.stagingsept24.com\/en\/#website","url":"https:\/\/maltofridge.stagingsept24.com\/en\/","name":"Malto","description":"","publisher":{"@id":"https:\/\/maltofridge.stagingsept24.com\/en\/#organization"},"potentialAction":[{"@type":"SearchAction","target":{"@type":"EntryPoint","urlTemplate":"https:\/\/maltofridge.stagingsept24.com\/en\/?s={search_term_string}"},"query-input":{"@type":"PropertyValueSpecification","valueRequired":true,"valueName":"search_term_string"}}],"inLanguage":"en-US"},{"@type":"Organization","@id":"https:\/\/maltofridge.stagingsept24.com\/en\/#organization","name":"Malto","url":"https:\/\/maltofridge.stagingsept24.com\/en\/","logo":{"@type":"ImageObject","inLanguage":"en-US","@id":"https:\/\/maltofridge.stagingsept24.com\/en\/#\/schema\/logo\/image\/","url":"https:\/\/maltofridge.stagingsept24.com\/wp-content\/uploads\/2024\/03\/logo-malto-header.svg","contentUrl":"https:\/\/maltofridge.stagingsept24.com\/wp-content\/uploads\/2024\/03\/logo-malto-header.svg","width":156,"height":47,"caption":"Malto"},"image":{"@id":"https:\/\/maltofridge.stagingsept24.com\/en\/#\/schema\/logo\/image\/"},"sameAs":["https:\/\/www.facebook.com\/profile.php?id=61575277714561","https:\/\/ca.pinterest.com\/maltofhometaps\/"]}]}},"_links":{"self":[{"href":"https:\/\/maltofridge.stagingsept24.com\/en\/wp-json\/wp\/v2\/pages\/1879","targetHints":{"allow":["GET"]}}],"collection":[{"href":"https:\/\/maltofridge.stagingsept24.com\/en\/wp-json\/wp\/v2\/pages"}],"about":[{"href":"https:\/\/maltofridge.stagingsept24.com\/en\/wp-json\/wp\/v2\/types\/page"}],"author":[{"embeddable":true,"href":"https:\/\/maltofridge.stagingsept24.com\/en\/wp-json\/wp\/v2\/users\/9"}],"replies":[{"embeddable":true,"href":"https:\/\/maltofridge.stagingsept24.com\/en\/wp-json\/wp\/v2\/comments?post=1879"}],"version-history":[{"count":19,"href":"https:\/\/maltofridge.stagingsept24.com\/en\/wp-json\/wp\/v2\/pages\/1879\/revisions"}],"predecessor-version":[{"id":2418,"href":"https:\/\/maltofridge.stagingsept24.com\/en\/wp-json\/wp\/v2\/pages\/1879\/revisions\/2418"}],"up":[{"embeddable":true,"href":"https:\/\/maltofridge.stagingsept24.com\/en\/wp-json\/wp\/v2\/pages\/1022"}],"wp:attachment":[{"href":"https:\/\/maltofridge.stagingsept24.com\/en\/wp-json\/wp\/v2\/media?parent=1879"}],"curies":[{"name":"wp","href":"https:\/\/api.w.org\/{rel}","templated":true}]}}